{"id":3572,"date":"2023-09-20T10:54:58","date_gmt":"2023-09-20T13:54:58","guid":{"rendered":"https:\/\/protansrl.com\/?post_type=product&#038;p=3572"},"modified":"2023-09-20T11:02:26","modified_gmt":"2023-09-20T14:02:26","slug":"proteina-max-level-100-all-beef-chocolate","status":"publish","type":"product","link":"https:\/\/protansrl.com\/en\/product\/proteina-max-level-100-all-beef-chocolate\/","title":{"rendered":"Prote\u00edna Max Level 100% All Beef Chocolate"},"content":{"rendered":"<div dir=\"auto\"><strong>MaxLevel 100% ALL BEEF<\/strong>, es una prote\u00edna premium 100% elaborada a base de carne vacuna.<\/div>\n<div dir=\"auto\">Destacada por ser un producto innovador de alta calidad y natural.<\/div>\n<div dir=\"auto\">Hidrolizada y concentrada, nos permite extraer los mejores nutrientes de la carne vacuna, sin colesterol, con un alto porcentaje proteico y con una asimilaci\u00f3n casi instant\u00e1nea en el organismo.<\/div>\n<div dir=\"auto\">Contiene un 85% de prote\u00edna, grasas insaturadas, 12 vitaminas y 7 minerales provenientes del mismo ingrediente.<\/div>\n<div dir=\"auto\">Sin Tacc, Sin Lactosa, Sin al\u00e9rgenos, Sin Az\u00facares.<\/div>\n<p><strong>\u00bfC\u00f3mo consumir la prote\u00edna?<br \/>\n<\/strong>La prote\u00edna viene en una presentaci\u00f3n de 500 gramos, la cual es suficiente para 25 d\u00edas.<br \/>\nSe toman 5 scoops por d\u00eda, que las pod\u00e9s tomar con agua, leche o jugo.<\/p>\n<p><strong>RECOMENDACIONES<\/strong>:<br \/>\nSe recomienda tomarlas post entrenamiento y en el desayuno los d\u00edas de descanso.<\/p>\n<p>&nbsp;<\/p>\n<div class=\"wpb_text_column wpb_content_element\">\n<div class=\"wpb_wrapper\">\n<p><em><strong>CARACTER\u00cdSTICAS<\/strong><\/em><\/p>\n<div><strong>MEJOR RECUPERACI\u00d3N Y AUMENTO DEL HIERRO\u00a0Y LA FERRITINA<\/strong><\/div>\n<div>Aumento de la ferritina muy significativo de forma natural en triatletas Senior.<\/div>\n<div>Este par\u00e1metro es muy importante para los deportistas de resistencia y 100% All Beef supone una gran ventaja respecto a cualquier otro producto del mercado.<\/div>\n<div><\/div>\n<\/div>\n<\/div>\n<div class=\"wpb_text_column wpb_content_element\">\n<div class=\"wpb_wrapper\">\n<p><strong>AUMENTO DE MASA MAGRA Y REDUCCI\u00d3N DE\u00a0<\/strong><strong>GRASA 100%<br \/>\n<\/strong>Al Beef ayuda a aumentar la masa magra en deportistas de resistencia y de fuerza.<\/p>\n<\/div>\n<\/div>\n<div class=\"wpb_text_column wpb_content_element\">\n<div class=\"wpb_wrapper\">\n<p><strong>MEJORA DEL SISTEMA INMUNITARIO<br \/>\n<\/strong>Los deportistas est\u00e1n m\u00e1s sanos y tienen menos sensaci\u00f3n de cansancio.<br \/>\nGran descenso de las alfa defensinas HNP 1-3. Estos compuestos en la saliva son la primera l\u00ednea de defensa e indican el estr\u00e9s fisiol\u00f3gico sufrido por el deportista.<br \/>\n<em>En el caso de 100% All Beef, hay una reducci\u00f3n muy significativa lo que supone otra gran ventaja respecto a cualquier otro producto del mercado.<\/em><\/p>\n<\/div>\n<\/div>\n<div class=\"wpb_text_column wpb_content_element\">\n<div class=\"wpb_wrapper\">\n<p><strong>SEGURIDAD, COMODIDAD Y PRACTICIDAD \u2013 PRODUCTO SIN TACC<br \/>\n<\/strong>100% All Beef es un producto que no tiene efectos secundarios (demostrado cient\u00edficamente), no produce ning\u00fan tipo de indigesti\u00f3n y tiene una raci\u00f3n peque\u00f1a debido a la alta potencia.<br \/>\nEs un producto natural, apto para intolerantes a la lactosa, al gluten y no contiene ninguno de los 14 al\u00e9rgenos.<\/p>\n<\/div>\n<\/div>\n<div class=\"wpb_text_column wpb_content_element\">\n<div class=\"wpb_wrapper\">\n<p><strong>CERTIFICACI\u00d3N ANTIDOPING<br \/>\n<\/strong>100% All Beef es un producto que cumple con los requerimientos y est\u00e1ndares de Informed-Sport.<\/p>\n<\/div>\n<\/div>\n<div><\/div>","protected":false},"excerpt":{"rendered":"<div>Prote\u00edna en polvo de Alta Concentraci\u00f3n \u2013 100% a base de carne vacuna.<\/div>\n<div>\n<p><strong>Contiene un 85% de prote\u00edna, grasas insaturadas, 12 vitaminas y 7 minerales provenientes de un solo ingrediente.<br \/>\n(Vitaminas: A, C, D, K, B1, B2, B3, B5, B6, B7, B9, B12, ) (Minerales: Ca, Fe, P, Mg, Zn, Se, Mn)<\/strong><\/p>\n<\/div>","protected":false},"featured_media":3576,"comment_status":"open","ping_status":"closed","template":"","meta":{"om_disable_all_campaigns":false,"_monsterinsights_skip_tracking":false,"_monsterinsights_sitenote_active":false,"_monsterinsights_sitenote_note":"","_monsterinsights_sitenote_category":0},"product_brand":[],"product_cat":[62],"product_tag":[],"class_list":{"0":"post-3572","1":"product","2":"type-product","3":"status-publish","4":"has-post-thumbnail","6":"product_cat-maxlevel","7":"stm_brands-max-level","9":"first","10":"instock","11":"shipping-taxable","12":"product-type-simple"},"aioseo_notices":[],"_links":{"self":[{"href":"https:\/\/protansrl.com\/en\/wp-json\/wp\/v2\/product\/3572","targetHints":{"allow":["GET"]}}],"collection":[{"href":"https:\/\/protansrl.com\/en\/wp-json\/wp\/v2\/product"}],"about":[{"href":"https:\/\/protansrl.com\/en\/wp-json\/wp\/v2\/types\/product"}],"replies":[{"embeddable":true,"href":"https:\/\/protansrl.com\/en\/wp-json\/wp\/v2\/comments?post=3572"}],"wp:featuredmedia":[{"embeddable":true,"href":"https:\/\/protansrl.com\/en\/wp-json\/wp\/v2\/media\/3576"}],"wp:attachment":[{"href":"https:\/\/protansrl.com\/en\/wp-json\/wp\/v2\/media?parent=3572"}],"wp:term":[{"taxonomy":"product_brand","embeddable":true,"href":"https:\/\/protansrl.com\/en\/wp-json\/wp\/v2\/product_brand?post=3572"},{"taxonomy":"product_cat","embeddable":true,"href":"https:\/\/protansrl.com\/en\/wp-json\/wp\/v2\/product_cat?post=3572"},{"taxonomy":"product_tag","embeddable":true,"href":"https:\/\/protansrl.com\/en\/wp-json\/wp\/v2\/product_tag?post=3572"}],"curies":[{"name":"wp","href":"https:\/\/api.w.org\/{rel}","templated":true}]}}