{"id":3577,"date":"2023-09-20T11:04:05","date_gmt":"2023-09-20T14:04:05","guid":{"rendered":"https:\/\/protansrl.com\/?post_type=product&#038;p=3577"},"modified":"2023-09-20T11:04:05","modified_gmt":"2023-09-20T14:04:05","slug":"creatina-micronizada-100-puro-monohidrato-max-level","status":"publish","type":"product","link":"https:\/\/protansrl.com\/en\/product\/creatina-micronizada-100-puro-monohidrato-max-level\/","title":{"rendered":"Creatina Micronizada \u2013 100% Puro Monohidrato Max Level"},"content":{"rendered":"<div class=\"wpb_text_column wpb_content_element\">\n<div class=\"wpb_wrapper\">\n<p><strong>La creatina<\/strong>\u00a0es una mol\u00e9cula formada por los amino\u00e1cidos arginina, glicina y metionina.<br \/>\nSe encuentra principalmente en las c\u00e9lulas musculares y participa en el metabolismo energ\u00e9tico proporcionando la energ\u00eda necesaria utilizada en la contracci\u00f3n y recuperaci\u00f3n muscular.<\/p>\n<p><em><strong>BENEFICIOS<\/strong><\/em>:<br \/>\nPotencia el rendimiento f\u00edsico, aumenta la masa muscular, disminuye la fatiga muscular, reduce el tiempo de recuperaci\u00f3n.<\/p>\n<p><em><strong>MODO DE PREPARACION:<\/strong><br \/>\n<\/em>Disolver 5 gramos de Creatina en 250 ml. de agua o jugo , evitando consumirlo en combinaci\u00f3n con bebidas gaseosas, caf\u00e9, o jugos \u00e1cido.<br \/>\nPara resultados \u00f3ptimos: Consumir los 4 primeros d\u00edas, 4 dosis diarias. Los d\u00edas siguientes 2 dosis diarias , preferentemente antes del desayuno o<br \/>\ninmediatamente despu\u00e9s del entrenamiento f\u00edsico.<\/p>\n<p><em><strong>CONDICIONES DE ALMACENAMIENTO:<\/strong><br \/>\n<\/em>Proteger del calor y luz solar directa. Una vez abierto mantener en envase cerrado y en lugar fresco y seco.<\/p>\n<\/div>\n<\/div>\n<div class=\"wpb_text_column wpb_content_element\">\n<div class=\"wpb_wrapper\">\n<p><strong>RECOMENDACIONES<\/strong><\/p>\n<ul>\n<li>Consumir este producto de acuerdo a las recomendaciones de ingesta diaria establecida en el r\u00f3tulo.<\/li>\n<li>Mantener fuera del alcance de los ni\u00f1os. Consulte a su m\u00e9dico antes de consumir este producto.<\/li>\n<li>No utilizar en caso de embarazo, lactancia ni en ni\u00f1os.<\/li>\n<li>El consumo de suplementos dietarios no reemplaza una dieta variada y equilibrada.<\/li>\n<li>Este producto est\u00e1 indicado para personas que realizan ejercicio f\u00edsico.<\/li>\n<li>Se recomienda consumir bajo control m\u00e9dico.<\/li>\n<\/ul>\n<\/div>\n<\/div>","protected":false},"excerpt":{"rendered":"<div class=\"woocommerce-product-details__short-description\">\n<h4>Creatina Micronizada \u2013 100% Puro Monohidrato<\/h4>\n<div><em>Cantidad por porci\u00f3n: 5 Grs.<\/em><br \/>\n<em>Cont. Neto: Pote x 300 Grs.<br \/>\nSabor: Neutro<\/em><br \/>\n<em>Sin Tacc \u2013 Libre de Gluten<\/em><\/div>\n<\/div>\n<form class=\"cart\" action=\"https:\/\/maxlevelstore.com\/tienda\/creatina-micronizada-100-puro-monohidrato-max-level\/\" enctype=\"multipart\/form-data\" method=\"post\">\n<div class=\"quantity\">\n<div class=\"number-button\"><\/div>\n<\/div>\n<\/form>","protected":false},"featured_media":3578,"comment_status":"open","ping_status":"closed","template":"","meta":{"om_disable_all_campaigns":false,"_monsterinsights_skip_tracking":false,"_monsterinsights_sitenote_active":false,"_monsterinsights_sitenote_note":"","_monsterinsights_sitenote_category":0},"product_brand":[],"product_cat":[62],"product_tag":[],"class_list":{"0":"post-3577","1":"product","2":"type-product","3":"status-publish","4":"has-post-thumbnail","6":"product_cat-maxlevel","7":"stm_brands-max-level","9":"first","10":"instock","11":"shipping-taxable","12":"product-type-simple"},"aioseo_notices":[],"_links":{"self":[{"href":"https:\/\/protansrl.com\/en\/wp-json\/wp\/v2\/product\/3577","targetHints":{"allow":["GET"]}}],"collection":[{"href":"https:\/\/protansrl.com\/en\/wp-json\/wp\/v2\/product"}],"about":[{"href":"https:\/\/protansrl.com\/en\/wp-json\/wp\/v2\/types\/product"}],"replies":[{"embeddable":true,"href":"https:\/\/protansrl.com\/en\/wp-json\/wp\/v2\/comments?post=3577"}],"wp:featuredmedia":[{"embeddable":true,"href":"https:\/\/protansrl.com\/en\/wp-json\/wp\/v2\/media\/3578"}],"wp:attachment":[{"href":"https:\/\/protansrl.com\/en\/wp-json\/wp\/v2\/media?parent=3577"}],"wp:term":[{"taxonomy":"product_brand","embeddable":true,"href":"https:\/\/protansrl.com\/en\/wp-json\/wp\/v2\/product_brand?post=3577"},{"taxonomy":"product_cat","embeddable":true,"href":"https:\/\/protansrl.com\/en\/wp-json\/wp\/v2\/product_cat?post=3577"},{"taxonomy":"product_tag","embeddable":true,"href":"https:\/\/protansrl.com\/en\/wp-json\/wp\/v2\/product_tag?post=3577"}],"curies":[{"name":"wp","href":"https:\/\/api.w.org\/{rel}","templated":true}]}}