{"id":3579,"date":"2023-09-20T11:11:23","date_gmt":"2023-09-20T14:11:23","guid":{"rendered":"https:\/\/protansrl.com\/?post_type=product&#038;p=3579"},"modified":"2023-09-20T11:11:23","modified_gmt":"2023-09-20T14:11:23","slug":"shaker-triple-compartimento","status":"publish","type":"product","link":"https:\/\/protansrl.com\/en\/product\/shaker-triple-compartimento\/","title":{"rendered":"Shaker Triple Compartimento"},"content":{"rendered":"<p>El\u00a0<strong>Nuevo Shaker Max Level<\/strong>\u00a0posee 3 compartimentos, totalmente desarmables:<\/p>\n<p>Vaso Mezclador<br \/>\nContenedor de suplemento<br \/>\nPorta Capsulas<\/p>\n<p>Caracter\u00edsticas Principales:<\/p>\n<p>Mezclador en acero inoxidable, anti grumos<br \/>\nTotalmente desarmable para facilitar la limpieza<br \/>\nAnti derrame<br \/>\nHerm\u00e9tico<br \/>\nPico Pr\u00e1ctico<br \/>\nTapa Rebatible<br \/>\nCapacidad de 500 mililitros<br \/>\nDise\u00f1o ergon\u00f3mico<br \/>\nLibre de BPA<br \/>\nProducto autorizado por I.N.A.L (Instituto Nacional de Alimentos)<\/p>","protected":false},"excerpt":{"rendered":"<p>El\u00a0<strong>Nuevo Shaker Max Level<\/strong>\u00a0contiene en su interior un mezclador que rompe las part\u00edculas de polvo disolvi\u00e9ndolas con el batido, incluso las prote\u00ednas m\u00e1s espesas.<br \/>\nSu tama\u00f1o es ideal para mezclar suplementos.<br \/>\nSu sistema desarmable es totalmente pr\u00e1ctico para trasladarlo donde quieras.<br \/>\nPosee tapa a prueba de derrames, doble espacio para prote\u00ednas y pastillero.<\/p>","protected":false},"featured_media":3580,"comment_status":"open","ping_status":"closed","template":"","meta":{"om_disable_all_campaigns":false,"_monsterinsights_skip_tracking":false,"_monsterinsights_sitenote_active":false,"_monsterinsights_sitenote_note":"","_monsterinsights_sitenote_category":0},"product_brand":[],"product_cat":[62],"product_tag":[],"class_list":{"0":"post-3579","1":"product","2":"type-product","3":"status-publish","4":"has-post-thumbnail","6":"product_cat-maxlevel","7":"stm_brands-max-level","9":"first","10":"instock","11":"shipping-taxable","12":"product-type-simple"},"aioseo_notices":[],"_links":{"self":[{"href":"https:\/\/protansrl.com\/en\/wp-json\/wp\/v2\/product\/3579","targetHints":{"allow":["GET"]}}],"collection":[{"href":"https:\/\/protansrl.com\/en\/wp-json\/wp\/v2\/product"}],"about":[{"href":"https:\/\/protansrl.com\/en\/wp-json\/wp\/v2\/types\/product"}],"replies":[{"embeddable":true,"href":"https:\/\/protansrl.com\/en\/wp-json\/wp\/v2\/comments?post=3579"}],"wp:featuredmedia":[{"embeddable":true,"href":"https:\/\/protansrl.com\/en\/wp-json\/wp\/v2\/media\/3580"}],"wp:attachment":[{"href":"https:\/\/protansrl.com\/en\/wp-json\/wp\/v2\/media?parent=3579"}],"wp:term":[{"taxonomy":"product_brand","embeddable":true,"href":"https:\/\/protansrl.com\/en\/wp-json\/wp\/v2\/product_brand?post=3579"},{"taxonomy":"product_cat","embeddable":true,"href":"https:\/\/protansrl.com\/en\/wp-json\/wp\/v2\/product_cat?post=3579"},{"taxonomy":"product_tag","embeddable":true,"href":"https:\/\/protansrl.com\/en\/wp-json\/wp\/v2\/product_tag?post=3579"}],"curies":[{"name":"wp","href":"https:\/\/api.w.org\/{rel}","templated":true}]}}