{"id":3581,"date":"2023-09-20T11:21:22","date_gmt":"2023-09-20T14:21:22","guid":{"rendered":"https:\/\/protansrl.com\/?post_type=product&#038;p=3581"},"modified":"2023-09-20T11:53:17","modified_gmt":"2023-09-20T14:53:17","slug":"amino-8-suplemento-dietario-a-base-de-concentrado-de-carne-vacuna","status":"publish","type":"product","link":"https:\/\/protansrl.com\/en\/product\/amino-8-suplemento-dietario-a-base-de-concentrado-de-carne-vacuna\/","title":{"rendered":"Amino 8 Suplemento dietario a base de concentrado de carne vacuna"},"content":{"rendered":"<p><strong>Contiene un 85% de prote\u00edna, grasas insaturadas, 12 vitaminas y 7 minerales provenientes de un solo ingrediente.<br \/>\n(Vitaminas: A, C, D, K, B1, B2, B3, B5, B6, B7, B9, B12, ) (Minerales: Ca, Fe, P, Mg, Zn, Se, Mn)<\/strong><\/p>\n<p>Sabores: Neutro &#8211; K\u00e9tchup &#8211; Chocolate &#8211; Vainilla<\/p>\n<p>Presentaci\u00f3n: 500 Grs.<\/p>\n<p>Servicios: 25<\/p>\n<p>Es un Suplemento Dietario a base de prote\u00ednas de origen vacuno en polvo, libre de gluten, presenta un alto contenido proteico, alrededor del 82 %, de carne vacuno 100 % natural. Son prote\u00ednas de alto valor biol\u00f3gico, ya que presentan todos los amino\u00e1cidos esenciales (no sintetizables por el organismo), y son de r\u00e1pida asimilaci\u00f3n o digestibilidad, ya que las prote\u00ednas se encuentran hidrolizadas. No presentan azucares agregados y son libres de grasas trans.<br \/>\nAdem\u00e1s de contener los amino\u00e1cidos esenciales que necesita el organismo humano, presentan diferentes vitaminas y minerales que participan en muchos de sus procesos biol\u00f3gicos. Debido a las propiedades que presentan cada uno de estos nutrientes, el consumo de AMINO 8 aporta un gran porcentaje de los requerimientos m\u00ednimos diarios recomendados para llevar a cabo una vida saludable<\/p>\n<p><strong>MINERALES<\/strong><\/p>\n<p>Selenio (Se) es un elemento esencial. Esto significa que su cuerpo tiene que consumirlo a trav\u00e9s de los alimentos o suplementos que consuma. Es un oligoelemento, por lo que su cuerpo solo lo necesita en peque\u00f1as cantidades. Funciones: \u2022Ayuda a su cuerpo a producir prote\u00ednas especiales, llamadas enzimas antioxidantes. Estas participan en la prevenci\u00f3n del da\u00f1o celular. \u2022Ayuda a prevenir enfermedades como el c\u00e1ncer y a fortalecer el sistema inmunol\u00f3gico, adem\u00e1s de proteger la salud del coraz\u00f3n. \u2022Presenta propiedades antiinflamatorias, cardioprotectoras y desintoxicantes. \u2022Mejora la fertilidad, especialmente en el hombre, ya que aumenta la producci\u00f3n del semen y su motilidad.<\/p>\n<p>Cinc o zinc (Zn) es un oligoelemento esencial que participa en m\u00e1s de 200 reacciones qu\u00edmicas a nivel celular. Est\u00e1 implicado en pr\u00e1cticamente todos los sistemas de mantenimiento y regulaci\u00f3n corporal. Funciones \u2022 Participa en m\u00faltiples reacciones qu\u00edmicas y en el sistema inmune (defensa del organismo), ya que favorece la producci\u00f3n de linfocitos. \u2022 Ayuda en la cicatrizaci\u00f3n de heridas. \u2022 Interviene en la s\u00edntesis de ADN y ARN. \u2022 Produce la activaci\u00f3n de ciertas hormonas. \u2022 Colabora en el mantenimiento de la estructura de las c\u00e9lulas. \u2022 Su presencia en el organismo es esencial para el correcto funcionamiento del olfato y el gusto. \u2022 Es fundamental para el correcto desarrollo de las g\u00f3nadas (ovarios y test\u00edculos), as\u00ed como en la reproducci\u00f3n y en la fertilidad. \u2022 El cinc es b\u00e1sico para la formaci\u00f3n de insulina y muchas otras prote\u00ednas.<\/p>\n<p>Calcio (Ca) es un micronutriente del grupo de los minerales que debe, siempre, formar parte de nuestra dieta. Es el elemento mineral m\u00e1s abundante en nuestro organismo, ya que forma parte importante del esqueleto y los dientes. Esta particular distribuci\u00f3n corporal justifica sus funciones esenciales en el organismo, la mineralizaci\u00f3n de huesos y dientes y la regulaci\u00f3n de las funciones celulares en pr\u00e1cticamente todos los tejidos corporales. Funciones: \u2022 Favorecer la salud de huesos y dientes \u2022 Favorecer el funcionamiento del sistema cardiovascular \u2022 Ayudar al sistema nervioso \u2022 Ayudar al correcto funcionamiento de los m\u00fasculos \u2022 Favorecer la salud cerebral \u2022 Procesar la insulina<\/p>\n<p>Hierro (Fe) es un mineral que se encuentra en cada c\u00e9lula del cuerpo. Es un mineral esencial debido a que se necesita para producir hemoglobina, una parte de las c\u00e9lulas sangu\u00edneas. El cuerpo no puede producirlo, por lo que debe ingerirse con los alimentos que comemos. Funciones: El cuerpo humano necesita hierro para producir las prote\u00ednas hemoglobina y mioglobina que transportan el ox\u00edgeno. La hemoglobina se encuentra en los gl\u00f3bulos rojos. \u2022 Interviene en el transporte de ox\u00edgeno y di\u00f3xido de carbono en sangre. \u2022 Participa en la producci\u00f3n de elementos de la sangre como por ejemplo la hemoglobina. \u2022 Forma parte en el proceso de respiraci\u00f3n celular y es parte integrante de la mioglobina, almac\u00e9n de ox\u00edgeno en el m\u00fasculo. \u2022 Tiene un papel fundamental en la s\u00edntesis de ADN, y en la formaci\u00f3n de col\u00e1geno. \u2022 Aumenta la resistencia a las enfermedades. \u2022 Colabora en muchas reacciones qu\u00edmicas.<\/p>\n<p>F\u00f3sforo (P) es un macromineral muy relacionado con el calcio, tanto en las funciones compartidas, como en las fuentes alimenticias donde est\u00e1 presente o sus recomendaciones de consumo. La biodisponibilidad del f\u00f3sforo mejora en presencia de vitamina D, vitamina C y prote\u00ednas, entre otros. Aunque est\u00e1 presente en cada c\u00e9lula, principalmente, el f\u00f3sforo se encuentra en dientes y huesos, y constituye aproximadamente el 1% del peso total de una persona. Funciones: \u2022 Previene la caries dental. \u2022 Forma parte de los huesos y disminuye la p\u00e9rdida de masa \u00f3sea. \u2022 Forma parte de las mol\u00e9culas de las que se obtiene la energ\u00eda a nivel celular. \u2022 Forma parte del ADN y ARN que transfieren la informaci\u00f3n gen\u00e9tica. \u2022 Forma parte de las paredes celulares. \u2022 Colabora en la activaci\u00f3n de enzimas. \u2022 Participa en el equilibrio \u00e1cido-base de las c\u00e9lulas.<\/p>\n<p><strong>VITAMINAS<\/strong><\/p>\n<p>La vitamina D es un esteroide que se sintetiza en la piel gracias a la luz solar y\/o mediante la ingesta de alimentos o suplementos dietarios. Desempe\u00f1a un papel fundamental en la mineralizaci\u00f3n del sistema \u00f3seo en todas las edades. Funciones:<\/p>\n<p>\u2022 Incrementar la absorci\u00f3n del calcio y f\u00f3sforo en el intestino<\/p>\n<p>\u2022 Fortalece los huesos, previniendo enfermedades musculoesquel\u00e9ticas<\/p>\n<p>\u2022 Mantener la funci\u00f3n muscular correcta, esto reduce el riesgo de sufrir ca\u00edda, sobre todo en hombres y mujeres mayores de 60 a\u00f1os<\/p>\n<p>\u2022 Fortalecer el sistema inmunol\u00f3gico, ayuda a prevenir enfermedades respiratorias, adem\u00e1s de presentar beneficios en combatir aflicciones de la piel<\/p>\n<p>\u2022 Divisi\u00f3n celular normal (ayuda a prevenir el c\u00e1ncer) \u2022 Controlar el az\u00facar en la sangre, ayuda a prevenir enfermedades como obesidad, diabetes, hipertensi\u00f3n y esclerosis m\u00faltiple<\/p>\n<p>\u2022 Tiene incidencia en el buen funcionamiento cardiovascular \u2022 Mantener el buen funcionamiento del sistema respiratorio, ayuda al organismo a combatir las infecciones respiratorias agudas<\/p>\n<p>\u2022 Mantener el desarrollo neuronal, ayuda a la funci\u00f3n cognitiva<br \/>\nVitamina B12: es soluble en agua, es vital para el cuerpo humano, ya que es buena para el sistema nervioso central y para la sangre. Funciones:<\/p>\n<p>\u2022 Ayudar al metabolismo a absorber y aprovechar al m\u00e1ximo la cantidad de prote\u00ednas ingeridas.<\/p>\n<p>\u2022 Se estimular\u00e1 la creaci\u00f3n y presencia de gl\u00f3bulos rojos en la sangre<\/p>\n<p>\u2022 Contribuye a transportar ox\u00edgeno a los \u00f3rganos internos<\/p>\n<p>\u2022 Refuerza la energ\u00eda del cuerpo<\/p>\n<p>La vitamina B3, tambi\u00e9n denominada niacina, es un nutriente que juega un papel importante en el organismo en el proceso de obtenci\u00f3n de energ\u00eda. Funciones: \u2022 Interviene en el proceso de obtenci\u00f3n de energ\u00eda. Es fundamental para la generaci\u00f3n de energ\u00eda metab\u00f3lica, la s\u00edntesis de algunas hormonas y para el crecimiento. \u2022 En colaboraci\u00f3n con otras vitaminas aumenta la funci\u00f3n cerebral.<\/p>\n<p>\u2022 Reduce el riesgo de acumulaci\u00f3n de colesterol en las arterias y aumenta la funci\u00f3n vasodilatadora de los vasos sangu\u00edneos, disminuyendo la presi\u00f3n arterial y garantizando el buen funcionamiento del sistema circulatorio.<br \/>\n\u2022 Fortalece del sistema cut\u00e1neo, pues evita la formaci\u00f3n de afecciones en la piel. La niacina contribuye a proteger las c\u00e9lulas del da\u00f1o solar y algunas investigaciones sugieren que el uso de esta vitamina puede llegar a prevenir varios tipos de c\u00e1ncer, entre ellos el de piel.<\/p>\n<p>El \u00e1cido f\u00f3lico, folato o vitamina B9 es una vitamina que pertenece al grupo B, es fundamental para la formaci\u00f3n de las c\u00e9lulas, ayuda a prevenir las anemias y a mantener la piel sana. Funciones:<\/p>\n<p>\u2022 Contribuye al crecimiento de los tejidos y de las c\u00e9lulas. \u2022 Colabora con la vitamina B12 y la vitamina C para crear nuevas prote\u00ednas.<\/p>\n<p>\u2022 Contribuye a la formaci\u00f3n de gl\u00f3bulos rojos, por lo que es un elemento fundamental para prevenir anemias.<\/p>\n<p>\u2022 Colabora en la formaci\u00f3n del ADN. \u2022 Ayuda a prevenir la hipertensi\u00f3n.<\/p>\n<p>\u2022 Puede colaborar en la prevenci\u00f3n de algunos tipos de c\u00e1ncer como el de colon o el de \u00fatero, por ejemplo.<\/p>\n<p>Los beneficios del \u00e1cido f\u00f3lico en las mujeres, sobre todo en casos de embarazo, son los siguientes: Reducir las malformaciones del feto. Es decir, disminuyen los riesgos de que el beb\u00e9 tenga espina b\u00edfida, anencefalia y otros problemas del cerebro o de la columna vertebral. Prevenir cardiopat\u00edas. Reducir las posibilidades de un parto prematuro.<\/p>\n<p>La vitamina C (\u00e1cido asc\u00f3rbico) es un nutriente esencial que el cuerpo necesita para formar vasos sangu\u00edneos, cart\u00edlagos, m\u00fasculos y col\u00e1geno en los huesos, tambi\u00e9n es vital para el proceso de curaci\u00f3n del cuerpo. Debido a que el cuerpo no produce vitamina C, necesita obtenerla de la dieta o consumo de Suplementos Dietarios.<br \/>\nFunciones:<\/p>\n<p>\u2022 Reduce el estr\u00e9s Oxidativo<\/p>\n<p>\u2022 Favorece las funciones inmunes<\/p>\n<p>\u2022 Previene las enfermedades cardiovasculares, el c\u00e1ncer, el deterioro cognitivo asociado a la edad y el resfriado com\u00fan.<\/p>\n<p>\u2022 Retrasar la progresi\u00f3n de la degeneraci\u00f3n macular relacionada con la edad<\/p>\n<p>AMINO 8 adem\u00e1s de las funciones aportadas por cada mineral y vitamina, en virtud de su composici\u00f3n qu\u00edmica, puede tambi\u00e9n:<\/p>\n<p>\u2022 Ayuda a controlar tu peso porque contiene L-carnitina, la cual es fundamental en el metabolismo de las grasas y su posterior transformaci\u00f3n en energ\u00eda o calor\u00edas. A mayor disponibilidad de L-carnitina, m\u00e1s r\u00e1pido ser\u00e1 el transporte y cantidad de grasa que puede convertirse en energ\u00eda ayudando a reducir los niveles de colesterol y triglic\u00e9ridos. De este modo, la L-carnitina, con una actividad f\u00edsica normal, act\u00faa como \u00abquemador de grasa\u00bb y se convierte en un aporte significativo al control del peso..<\/p>\n<p>\u2022 Ayuda a la formaci\u00f3n de insulina la cual est\u00e1 formada por la uni\u00f3n de 51 amino\u00e1cidos en la secuencia requerida. La insulina juega un papel crucial ya que es una hormona que el propio cuerpo produce y que reduce el az\u00facar en la sangre. Las personas con diabetes no pueden absorber el az\u00facar necesario de los hidratos de carbono al tener restringida la producci\u00f3n de insulina.<\/p>\n<p>\u2022 Ayuda al tratamiento de bulimia y anorexia. Las personas con dichas enfermedades deben consumir dietas bajas en az\u00facares debido a la ansiedad que les producen y la poca sensaci\u00f3n de saciedad que proporcionan. Sustituir estos alimentos por otros<br \/>\ntambi\u00e9n energ\u00e9ticos y m\u00e1s digeribles que a su vez produzcan saciedad como la prote\u00edna de carne de vacuno pura es una opci\u00f3n beneficiosa..<\/p>\n<p>\u2022 Favorece la oxigenaci\u00f3n cerebral y la formaci\u00f3n de neurotransmisores contribuyendo a la ayuda en tratamientos de enfermedades cerebro vasculares.<\/p>\n<p>La serotonina es un neurotransmisor formado principalmente por Tript\u00f3fano que induce el sue\u00f1o de forma natural, reduce la ansiedad y la tensi\u00f3n. La falta de serotonina se relaciona con s\u00edntomas de depresi\u00f3n, ansiedad, angustia y tristeza. AMINO 8 es rico en tript\u00f3fano con lo que act\u00faa como un antidepresivo natural, produciendo un aumento de la serotonina sin necesidad de psicof\u00e1rmacos. La Fenilalanina es otro amino\u00e1cido esencial contenido en este producto que act\u00faa como neurotransmisor. Es transformado por el cuerpo en norepinefrina y dopamina, dos transmisores que favorecen la actividad y la vitalidad. Por ello se le atribuye una acci\u00f3n antidepresiva, adem\u00e1s de mejorar la memoria y la actividad mental.<\/p>","protected":false},"excerpt":{"rendered":"<p>Contiene un 85% de prote\u00edna, grasas insaturadas, 12 vitaminas y 7 minerales provenientes de un solo ingrediente. (Vitaminas:&#8230;<\/p>","protected":false},"featured_media":3582,"comment_status":"open","ping_status":"closed","template":"","meta":{"om_disable_all_campaigns":false,"_monsterinsights_skip_tracking":false,"_monsterinsights_sitenote_active":false,"_monsterinsights_sitenote_note":"","_monsterinsights_sitenote_category":0},"product_brand":[],"product_cat":[63],"product_tag":[],"class_list":{"0":"post-3581","1":"product","2":"type-product","3":"status-publish","4":"has-post-thumbnail","6":"product_cat-amino8","7":"stm_brands-amino8","9":"first","10":"instock","11":"shipping-taxable","12":"product-type-simple"},"aioseo_notices":[],"_links":{"self":[{"href":"https:\/\/protansrl.com\/en\/wp-json\/wp\/v2\/product\/3581","targetHints":{"allow":["GET"]}}],"collection":[{"href":"https:\/\/protansrl.com\/en\/wp-json\/wp\/v2\/product"}],"about":[{"href":"https:\/\/protansrl.com\/en\/wp-json\/wp\/v2\/types\/product"}],"replies":[{"embeddable":true,"href":"https:\/\/protansrl.com\/en\/wp-json\/wp\/v2\/comments?post=3581"}],"wp:featuredmedia":[{"embeddable":true,"href":"https:\/\/protansrl.com\/en\/wp-json\/wp\/v2\/media\/3582"}],"wp:attachment":[{"href":"https:\/\/protansrl.com\/en\/wp-json\/wp\/v2\/media?parent=3581"}],"wp:term":[{"taxonomy":"product_brand","embeddable":true,"href":"https:\/\/protansrl.com\/en\/wp-json\/wp\/v2\/product_brand?post=3581"},{"taxonomy":"product_cat","embeddable":true,"href":"https:\/\/protansrl.com\/en\/wp-json\/wp\/v2\/product_cat?post=3581"},{"taxonomy":"product_tag","embeddable":true,"href":"https:\/\/protansrl.com\/en\/wp-json\/wp\/v2\/product_tag?post=3581"}],"curies":[{"name":"wp","href":"https:\/\/api.w.org\/{rel}","templated":true}]}}